{"id":50391,"date":"2020-02-17T11:53:52","date_gmt":"2020-02-17T11:53:52","guid":{"rendered":"http:\/\/mudotools.passionmanufaktur.de\/?page_id=50391"},"modified":"2025-12-26T09:13:29","modified_gmt":"2025-12-26T09:13:29","slug":"imprint","status":"publish","type":"page","link":"https:\/\/mudotools.de\/en_us\/impressum\/","title":{"rendered":"Imprint"},"content":{"rendered":"<p>[et_pb_section fb_built=&#8220;1&#8243; _builder_version=&#8220;4.27.5&#8243; _module_preset=&#8220;default&#8220; min_height=&#8220;0px&#8220; custom_margin=&#8220;0px||0px||false|false&#8220; custom_padding=&#8220;0px||0px||false|false&#8220; locked=&#8220;off&#8220; global_colors_info=&#8220;{}&#8220;][et_pb_row column_structure=&#8220;1_3,2_3&#8243; _builder_version=&#8220;4.27.5&#8243; _module_preset=&#8220;default&#8220; width=&#8220;100%&#8220; max_width=&#8220;1600px&#8220; module_alignment=&#8220;center&#8220; custom_margin=&#8220;10px||10px||false|false&#8220; custom_padding=&#8220;10px||10px||false|false&#8220; global_colors_info=&#8220;{}&#8220;][et_pb_column type=&#8220;1_3&#8243; _builder_version=&#8220;4.27.5&#8243; _module_preset=&#8220;default&#8220; custom_padding=&#8220;|||30px|false|false&#8220; global_colors_info=&#8220;{}&#8220;][et_pb_image src=&#8220;https:\/\/mudotools.de\/wp-content\/uploads\/2020\/08\/mudo_tools_logo-300&#215;126-1.png&#8220; title_text=&#8220;mudo_tools_logo-300&#215;126&#8243; url=&#8220;https:\/\/mudotools.de\/&#8220; src_tablet=&#8220;https:\/\/mudotools.de\/wp-content\/uploads\/2020\/08\/mudo_tools_logo-300&#215;126-1.png&#8220; src_phone=&#8220;https:\/\/mudotools.de\/wp-content\/uploads\/2020\/08\/mudo_tools_logo-300&#215;126-1.png&#8220; src_last_edited=&#8220;on|phone&#8220; _builder_version=&#8220;4.27.5&#8243; _module_preset=&#8220;default&#8220; max_width=&#8220;21%&#8220; custom_margin=&#8220;||||false|false&#8220; custom_padding=&#8220;20px||||false|false&#8220; hover_enabled=&#8220;0&#8243; global_colors_info=&#8220;{}&#8220; sticky_enabled=&#8220;0&#8243;][\/et_pb_image][\/et_pb_column][et_pb_column type=&#8220;2_3&#8243; _builder_version=&#8220;4.27.5&#8243; _module_preset=&#8220;default&#8220; global_colors_info=&#8220;{}&#8220;][et_pb_menu show_cart_icon=&#8220;on&#8220; show_cart_quantity=&#8220;on&#8220; _builder_version=&#8220;4.27.5&#8243; _module_preset=&#8220;default&#8220; menu_font=&#8220;&#8211;et_global_body_font||||||||&#8220; global_colors_info=&#8220;{}&#8220;][\/et_pb_menu][\/et_pb_column][\/et_pb_row][\/et_pb_section][et_pb_section fb_built=&#8220;1&#8243; _builder_version=&#8220;4.16&#8243; custom_margin=&#8220;100px||||false|false&#8220; global_colors_info=&#8220;{}&#8220;][et_pb_row _builder_version=&#8220;4.16&#8243; custom_margin=&#8220;-18px|auto||auto||&#8220; custom_padding=&#8220;5px|0px|24px|0px|false|false&#8220; global_colors_info=&#8220;{}&#8220;][et_pb_column type=&#8220;4_4&#8243; _builder_version=&#8220;4.16&#8243; custom_padding=&#8220;|||&#8220; global_colors_info=&#8220;{}&#8220; custom_padding__hover=&#8220;|||&#8220;][et_pb_text _builder_version=&#8220;4.16&#8243; text_font=&#8220;||||||||&#8220; text_text_color=&#8220;#000000&#8243; text_font_size=&#8220;17px&#8220; header_font=&#8220;Montserrat|700|||||||&#8220; header_text_color=&#8220;#000000&#8243; header_font_size=&#8220;40px&#8220; header_line_height=&#8220;1.4em&#8220; header_2_font=&#8220;|600|||||||&#8220; header_2_text_color=&#8220;#000000&#8243; header_2_font_size=&#8220;25px&#8220; header_2_line_height=&#8220;1.4em&#8220; header_3_font=&#8220;|700|||||||&#8220; header_3_text_color=&#8220;#000000&#8243; header_3_font_size=&#8220;20px&#8220; text_orientation=&#8220;justified&#8220; custom_margin=&#8220;-1px|||||&#8220; global_colors_info=&#8220;{}&#8220;]<\/p>\n<h1><span><b>Impressum<\/b><\/span><\/h1>\n<h2><span><b>Angaben gem\u00e4\u00df \u00a7 5 TMG\/ \u00a7 55 RStV:<\/b><\/span><\/h2>\n<p><span>Florian von Nauckhoff (Gesch\u00e4ftsinhaber)<br \/><\/span><span>Hofmannstra\u00dfe 54<br \/><\/span><span>81379 M\u00fcnchen\u00a0<\/span><\/p>\n<p><span>Tel.: 0176\/60917105<br \/><\/span><span>Fax.: 089\/904100120<br \/><\/span><span>e-mail: info@mudotools.de<\/span><\/p>\n<p><span>Handelsregister: Amtsgericht M\u00fcnchen HRB\u00a0<br \/><\/span><span>Gegenstand: Herstellung\/ Vertrieb von Waren im Kampfsport<\/span><\/p>\n<p><span>Umsatzsteuer-Identifikationsnummer: DE 265549754\u00a0<br \/><\/span><span>Berufshaftpflichtversicherung: W\u00fcrttembergische Versicherung<\/span><\/p>\n<h2><span><b>Disclaimer<\/b><\/span><\/h2>\n<p><span><b>Haftung f\u00fcr Inhalte<\/b><\/span><\/p>\n<p><span>Als Diensteanbieter sind wir gem\u00e4\u00df \u00a7 7 Abs. 1 TMG f\u00fcr eigene Inhalte auf diesen Seiten nach den allgemeinen Gesetzen verantwortlich. Unabh\u00e4ngig laufender, sorgf\u00e4ltiger Aktualisierung von Informationen k\u00f6nnen sich im Laufe der Zeit Ver\u00e4nderungen zugrundeliegender Sachverhalte ergeben. Daher wird keine Haftung oder Garantie f\u00fcr die Aktualit\u00e4t, Richtigkeit und Vollst\u00e4ndigkeit der zur Verf\u00fcgung gestellten Informationen \u00fcbernommen. Auf \u00a7\u00a7 8-10 TMG wird hingewiesen. Verpflichtungen zur Entfernung oder Sperrung der Nutzung von Informationen nach den allgemeinen Gesetzen bleiben hiervon unber\u00fchrt. Eine diesbez\u00fcgliche Haftung kann jedoch erst ab dem Zeitpunkt der Kenntnis einer konkreten Rechtsverletzung m\u00f6glich sein; bei Bekanntwerden entsprechender Rechtsverletzungen werden diese Inhalte umgehend entfernt.<\/span><\/p>\n<p><span><b>Haftung f\u00fcr Links<\/b><\/span><\/p>\n<p><span>Unser Angebot kann Links zu Webseiten Dritter enthalten, auf deren Inhalt und Gestaltung wir keinen Einfluss haben. Deshalb k\u00f6nnen wir f\u00fcr diese fremden Inhalte und Gestaltungen auch keine Gew\u00e4hr \u00fcbernehmen. Die Verantwortung f\u00fcr Inhalt und Gestaltung dieser Seiten liegt beim jeweiligen Anbieter bzw. Betreiber. Die verlinkten Seiten wurden zum Zeitpunkt der Verlinkung auf m\u00f6gliche Rechtsverst\u00f6\u00dfe \u00fcberpr\u00fcft. Etwaig m\u00f6gliche Rechtsverst\u00f6\u00dfe waren zum Zeitpunkt der Verlinkung weder erkennbar noch bekannt. Bei Bekanntwerden von Rechtsverletzungen werden derartige Links umgehend entfernt.<\/span><\/p>\n<p><span><b>Urheberrecht<\/b><\/span><\/p>\n<p><span>Die durch die Seitenbetreiber erstellten Inhalte und Werke auf diesen Seiten, sowie Gestaltung des Internetauftritts unterliegen dem deutschen Urheberrecht. Die Vervielf\u00e4ltigung, Bearbeitung, Verbreitung und jede Art der Verwertung (jeweils auch auszugsweise) au\u00dferhalb der Grenzen des Urheberrechtes bed\u00fcrfen der vorherigen schriftlichen Zustimmung des jeweiligen Autors bzw. Erstellers. Downloads und Kopien dieser Seite sind nur f\u00fcr den privaten, nicht kommerziellen Gebrauch gestattet.<\/span><\/p>\n<p><span>Soweit die Inhalte auf dieser Seite nicht vom Betreiber erstellt wurden, werden die Urheberrechte Dritter beachtet. Insbesondere werden Inhalte Dritter als solche gekennzeichnet. Sollten Sie trotzdem auf eine Urheberrechtsverletzung aufmerksam werden, bitten wir um einen entsprechenden Hinweis. Bei Bekanntwerden von Rechtsverletzungen werden wir derartige Inhalte umgehend entfernen.<\/span><\/p>\n<p>[\/et_pb_text][\/et_pb_column][\/et_pb_row][\/et_pb_section]<\/p>\n","protected":false},"excerpt":{"rendered":"<p>Impressum Angaben gem\u00e4\u00df \u00a7 5 TMG\/ \u00a7 55 RStV: Florian von Nauckhoff (Gesch\u00e4ftsinhaber)Hofmannstra\u00dfe 5481379 M\u00fcnchen\u00a0 Tel.: 0176\/60917105Fax.: 089\/904100120e-mail: info@mudotools.de Handelsregister: Amtsgericht M\u00fcnchen HRB\u00a0Gegenstand: Herstellung\/ Vertrieb von Waren im Kampfsport Umsatzsteuer-Identifikationsnummer: DE 265549754\u00a0Berufshaftpflichtversicherung: W\u00fcrttembergische Versicherung Disclaimer Haftung f\u00fcr Inhalte Als Diensteanbieter sind wir gem\u00e4\u00df \u00a7 7 Abs. 1 TMG f\u00fcr eigene Inhalte auf diesen Seiten nach [&hellip;]<\/p>\n","protected":false},"author":6,"featured_media":0,"parent":0,"menu_order":0,"comment_status":"closed","ping_status":"closed","template":"","meta":{"_et_pb_use_builder":"on","_et_pb_old_content":"","_et_gb_content_width":"","footnotes":""},"class_list":["post-50391","page","type-page","status-publish","hentry"],"_links":{"self":[{"href":"https:\/\/mudotools.de\/en_us\/wp-json\/wp\/v2\/pages\/50391","targetHints":{"allow":["GET"]}}],"collection":[{"href":"https:\/\/mudotools.de\/en_us\/wp-json\/wp\/v2\/pages"}],"about":[{"href":"https:\/\/mudotools.de\/en_us\/wp-json\/wp\/v2\/types\/page"}],"author":[{"embeddable":true,"href":"https:\/\/mudotools.de\/en_us\/wp-json\/wp\/v2\/users\/6"}],"replies":[{"embeddable":true,"href":"https:\/\/mudotools.de\/en_us\/wp-json\/wp\/v2\/comments?post=50391"}],"version-history":[{"count":2,"href":"https:\/\/mudotools.de\/en_us\/wp-json\/wp\/v2\/pages\/50391\/revisions"}],"predecessor-version":[{"id":72594,"href":"https:\/\/mudotools.de\/en_us\/wp-json\/wp\/v2\/pages\/50391\/revisions\/72594"}],"wp:attachment":[{"href":"https:\/\/mudotools.de\/en_us\/wp-json\/wp\/v2\/media?parent=50391"}],"curies":[{"name":"WordPress","href":"https:\/\/api.w.org\/{rel}","templated":true}]}}