{"id":53562,"date":"2022-04-06T08:18:38","date_gmt":"2022-04-06T08:18:38","guid":{"rendered":"https:\/\/mudotools.de\/?page_id=53562"},"modified":"2025-12-26T09:06:01","modified_gmt":"2025-12-26T09:06:01","slug":"help-faq","status":"publish","type":"page","link":"https:\/\/mudotools.de\/en_us\/hilfe-faq\/","title":{"rendered":"Help &amp; FAQ"},"content":{"rendered":"<p>[et_pb_section fb_built=&#8220;1&#8243; _builder_version=&#8220;4.27.5&#8243; _module_preset=&#8220;default&#8220; min_height=&#8220;0px&#8220; custom_margin=&#8220;0px||0px||false|false&#8220; custom_padding=&#8220;0px||0px||false|false&#8220; global_colors_info=&#8220;{}&#8220; locked=&#8220;off&#8220;][et_pb_row column_structure=&#8220;1_3,2_3&#8243; _builder_version=&#8220;4.27.5&#8243; _module_preset=&#8220;default&#8220; width=&#8220;100%&#8220; max_width=&#8220;1600px&#8220; module_alignment=&#8220;center&#8220; custom_margin=&#8220;10px||10px||false|false&#8220; custom_padding=&#8220;10px||10px||false|false&#8220; global_colors_info=&#8220;{}&#8220;][et_pb_column type=&#8220;1_3&#8243; _builder_version=&#8220;4.27.5&#8243; _module_preset=&#8220;default&#8220; custom_padding=&#8220;|||30px|false|false&#8220; global_colors_info=&#8220;{}&#8220;][et_pb_image src=&#8220;https:\/\/mudotools.de\/wp-content\/uploads\/2020\/08\/mudo_tools_logo-300&#215;126-1.png&#8220; title_text=&#8220;mudo_tools_logo-300&#215;126&#8243; url=&#8220;http:\/\/www.mudotools.de&#8220; src_tablet=&#8220;https:\/\/mudotools.de\/wp-content\/uploads\/2020\/08\/mudo_tools_logo-300&#215;126-1.png&#8220; src_phone=&#8220;https:\/\/mudotools.de\/wp-content\/uploads\/2020\/08\/mudo_tools_logo-300&#215;126-1.png&#8220; src_last_edited=&#8220;on|phone&#8220; _builder_version=&#8220;4.27.5&#8243; _module_preset=&#8220;default&#8220; max_width=&#8220;21%&#8220; custom_margin=&#8220;||||false|false&#8220; custom_padding=&#8220;20px||||false|false&#8220; global_colors_info=&#8220;{}&#8220;][\/et_pb_image][\/et_pb_column][et_pb_column type=&#8220;2_3&#8243; _builder_version=&#8220;4.27.5&#8243; _module_preset=&#8220;default&#8220; global_colors_info=&#8220;{}&#8220;][et_pb_menu show_cart_icon=&#8220;on&#8220; show_cart_quantity=&#8220;on&#8220; _builder_version=&#8220;4.27.5&#8243; _module_preset=&#8220;default&#8220; menu_font=&#8220;&#8211;et_global_body_font||||||||&#8220; global_colors_info=&#8220;{}&#8220;][\/et_pb_menu][\/et_pb_column][\/et_pb_row][\/et_pb_section][et_pb_section fb_built=&#8220;1&#8243; _builder_version=&#8220;4.27.5&#8243; _module_preset=&#8220;default&#8220; background_color=&#8220;#09305D&#8220; custom_padding=&#8220;33px||24px||false|false&#8220; hover_enabled=&#8220;0&#8243; global_colors_info=&#8220;{}&#8220; sticky_enabled=&#8220;0&#8243;][et_pb_row _builder_version=&#8220;4.16&#8243; _module_preset=&#8220;default&#8220; global_colors_info=&#8220;{}&#8220;][et_pb_column type=&#8220;4_4&#8243; _builder_version=&#8220;4.16&#8243; _module_preset=&#8220;default&#8220; global_colors_info=&#8220;{}&#8220;][et_pb_text _builder_version=&#8220;4.16&#8243; _module_preset=&#8220;default&#8220; header_font=&#8220;||on||||||&#8220; header_text_color=&#8220;#FFFFFF&#8220; header_font_size=&#8220;3rem&#8220; text_orientation=&#8220;center&#8220; header_font_size_phone=&#8220;2.5rem&#8220; header_font_size_last_edited=&#8220;off|desktop&#8220; global_colors_info=&#8220;{}&#8220;]<\/p>\n<h1>Hilfe &amp; FAQ<\/h1>\n<p>[\/et_pb_text][\/et_pb_column][\/et_pb_row][\/et_pb_section][et_pb_section fb_built=&#8220;1&#8243; _builder_version=&#8220;4.16&#8243; _module_preset=&#8220;default&#8220; custom_padding=&#8220;0px|||||&#8220; global_colors_info=&#8220;{}&#8220;][et_pb_row _builder_version=&#8220;4.16&#8243; _module_preset=&#8220;default&#8220; max_width=&#8220;800px&#8220; module_alignment=&#8220;center&#8220; global_colors_info=&#8220;{}&#8220;][et_pb_column type=&#8220;4_4&#8243; _builder_version=&#8220;4.16&#8243; _module_preset=&#8220;default&#8220; global_colors_info=&#8220;{}&#8220;][et_pb_text _builder_version=&#8220;4.16&#8243; _module_preset=&#8220;default&#8220; link_text_color=&#8220;#E40133&#8243; custom_margin=&#8220;48px||||false|false&#8220; global_colors_info=&#8220;{}&#8220;]Nachfolgend finden Sie die h\u00e4ufig gestellten Fragen. Sollte Ihnen dennoch etwas unklar sein oder sollten Sie offene Fragen haben, z\u00f6gern Sie nicht uns zu kontaktieren. Nutzen Sie daf\u00fcr entweder <a href=\"#kontakt\">unser nachstehendes Kontaktformular<\/a> oder rufen Sie uns einfach unter <a href=\"tel:+49%20(0) 176 609 171 05\"><span>+49 (0) 176 609 171 05<\/span><\/a> an.[\/et_pb_text][et_pb_text _builder_version=&#8220;4.16&#8243; _module_preset=&#8220;default&#8220; custom_margin=&#8220;48px||||false|false&#8220; global_colors_info=&#8220;{}&#8220;]<\/p>\n<h2>Bestellung<\/h2>\n<p>[\/et_pb_text][et_pb_toggle title=&#8220;Kann ich meine Bestellung stornieren?&#8220; open_toggle_text_color=&#8220;#3A3A3A&#8220; icon_color=&#8220;#3A3A3A&#8220; toggle_icon=&#8220;&#x33;||divi||400&#8243; use_icon_font_size=&#8220;on&#8220; icon_font_size=&#8220;24px&#8220; open_icon_color=&#8220;#3A3A3A&#8220; open_toggle_icon=&#8220;&#x32;||divi||400&#8243; open_use_icon_font_size=&#8220;on&#8220; open_icon_font_size=&#8220;24px&#8220; _builder_version=&#8220;4.16&#8243; _module_preset=&#8220;default&#8220; title_text_color=&#8220;#3A3A3A&#8220; title_level=&#8220;h3&#8243; background_color=&#8220;#FFFFFF&#8220; custom_margin=&#8220;||8px||false|false&#8220; custom_padding=&#8220;|||0px|false|false&#8220; custom_css_toggle_title=&#8220;font-size: 1.285rem !important;&#8220; border_width_all=&#8220;0px&#8220; border_width_bottom=&#8220;2px&#8220; border_color_bottom=&#8220;#efeef2&#8243; global_colors_info=&#8220;{}&#8220;]<\/p>\n<p>So sehr wir uns das auch w\u00fcnschen, eine einmal aufgegebene Bestellung k\u00f6nnen wir momentan nicht \u00e4ndern oder stornieren. Wir arbeiten daran, Ihnen zuk\u00fcnftig Stornierungen anzubieten.<\/p>\n<p>Sollten die von Ihnen bestellten Artikel nicht wunschgem\u00e4\u00df funktionieren, stellen Sie sicher, dass Sie sie gegen einen bevorzugten Stil umtauschen oder gegen eine R\u00fcckerstattung zur\u00fccksenden. Der R\u00fcckversand in Deutschland ist kostenlos.<\/p>\n<p>[\/et_pb_toggle][et_pb_toggle title=&#8220;Kann ich direkt mit jemandem sprechen?&#8220; open_toggle_text_color=&#8220;#3A3A3A&#8220; icon_color=&#8220;#3A3A3A&#8220; toggle_icon=&#8220;&#x33;||divi||400&#8243; use_icon_font_size=&#8220;on&#8220; icon_font_size=&#8220;24px&#8220; open_icon_color=&#8220;#3A3A3A&#8220; open_toggle_icon=&#8220;&#x32;||divi||400&#8243; open_use_icon_font_size=&#8220;on&#8220; open_icon_font_size=&#8220;24px&#8220; _builder_version=&#8220;4.16&#8243; _module_preset=&#8220;default&#8220; title_text_color=&#8220;#3A3A3A&#8220; title_level=&#8220;h3&#8243; body_link_text_color=&#8220;#E40133&#8243; background_color=&#8220;#FFFFFF&#8220; custom_margin=&#8220;||8px||false|false&#8220; custom_padding=&#8220;|||0px|false|false&#8220; custom_css_toggle_title=&#8220;font-size: 1.285rem !important;&#8220; border_width_all=&#8220;0px&#8220; border_width_bottom=&#8220;2px&#8220; border_color_bottom=&#8220;#efeef2&#8243; global_colors_info=&#8220;{}&#8220;]<\/p>\n<p>Absolut &#8211; wir m\u00f6chten auch mit Ihnen sprechen und Sie beraten! Kontaktieren Sie uns jederzeit bei Fragen, Bedenken oder Feedback. Wir werden uns in der Regel innerhalb von 2 Werktagen bei Ihnen melden.<\/p>\n<p>Nutzen Sie daf\u00fcr entweder <a href=\"https:\/\/mudotools.de\/#kontakt\">unser Kontaktformular<\/a> oder rufen Sie uns einfach unter <a href=\"tel:+49%20(0) 176 609 171 05\"><span>+49 (0) 176 609 171 05<\/span><\/a> an.<\/p>\n<p>[\/et_pb_toggle][et_pb_text _builder_version=&#8220;4.16&#8243; _module_preset=&#8220;default&#8220; custom_margin=&#8220;48px||||false|false&#8220; global_colors_info=&#8220;{}&#8220;]<\/p>\n<h2>Versand<\/h2>\n<p>[\/et_pb_text][et_pb_toggle title=&#8220;Was ist die Versandrichtlinie?&#8220; open_toggle_text_color=&#8220;#3A3A3A&#8220; icon_color=&#8220;#3A3A3A&#8220; toggle_icon=&#8220;&#x33;||divi||400&#8243; use_icon_font_size=&#8220;on&#8220; icon_font_size=&#8220;24px&#8220; open_icon_color=&#8220;#3A3A3A&#8220; open_toggle_icon=&#8220;&#x32;||divi||400&#8243; open_use_icon_font_size=&#8220;on&#8220; open_icon_font_size=&#8220;24px&#8220; _builder_version=&#8220;4.16&#8243; _module_preset=&#8220;default&#8220; title_text_color=&#8220;#3A3A3A&#8220; title_level=&#8220;h3&#8243; background_color=&#8220;#FFFFFF&#8220; custom_margin=&#8220;||8px||false|false&#8220; custom_padding=&#8220;|||0px|false|false&#8220; custom_css_toggle_title=&#8220;font-size: 1.285rem !important;&#8220; border_width_all=&#8220;0px&#8220; border_width_bottom=&#8220;2px&#8220; border_color_bottom=&#8220;#efeef2&#8243; global_colors_info=&#8220;{}&#8220;]<\/p>\n<p>Sobald Ihre Bestellung aufgegeben wurde, erhalten Sie eine Best\u00e4tigungs-E-Mail \u00fcber den Eingang Ihrer Bestellung.<\/p>\n<p>Sie erhalten au\u00dferdem eine E-Mail mit Ihren Tracking-Informationen, sobald Ihre Bestellung unser Lager verlassen hat und an den Versanddienstleister \u00fcbergeben wurde.<\/p>\n<p>Bitte beachten Sie:\u00a0Versandkosten werden im Falle von R\u00fccksendungen nicht erstattet.<\/p>\n<p>[\/et_pb_toggle][et_pb_toggle title=&#8220;Welche Versanddienstleister nutzt ihr?&#8220; open_toggle_text_color=&#8220;#3A3A3A&#8220; icon_color=&#8220;#3A3A3A&#8220; toggle_icon=&#8220;&#x33;||divi||400&#8243; use_icon_font_size=&#8220;on&#8220; icon_font_size=&#8220;24px&#8220; open_icon_color=&#8220;#3A3A3A&#8220; open_toggle_icon=&#8220;&#x32;||divi||400&#8243; open_use_icon_font_size=&#8220;on&#8220; open_icon_font_size=&#8220;24px&#8220; _builder_version=&#8220;4.16&#8243; _module_preset=&#8220;default&#8220; title_text_color=&#8220;#3A3A3A&#8220; title_level=&#8220;h3&#8243; background_color=&#8220;#FFFFFF&#8220; custom_margin=&#8220;||8px||false|false&#8220; custom_padding=&#8220;|||0px|false|false&#8220; custom_css_toggle_title=&#8220;font-size: 1.285rem !important;&#8220; border_width_all=&#8220;0px&#8220; border_width_bottom=&#8220;2px&#8220; border_color_bottom=&#8220;#efeef2&#8243; global_colors_info=&#8220;{}&#8220;]<\/p>\n<p>Wir versenden unsere Waren mit DPD, UPS und GLS.<\/p>\n<p>[\/et_pb_toggle][et_pb_toggle title=&#8220;Versendet ihr ins Ausland?&#8220; open_toggle_text_color=&#8220;#3A3A3A&#8220; icon_color=&#8220;#3A3A3A&#8220; toggle_icon=&#8220;&#x33;||divi||400&#8243; use_icon_font_size=&#8220;on&#8220; icon_font_size=&#8220;24px&#8220; open_icon_color=&#8220;#3A3A3A&#8220; open_toggle_icon=&#8220;&#x32;||divi||400&#8243; open_use_icon_font_size=&#8220;on&#8220; open_icon_font_size=&#8220;24px&#8220; _builder_version=&#8220;4.16&#8243; _module_preset=&#8220;default&#8220; title_text_color=&#8220;#3A3A3A&#8220; title_level=&#8220;h3&#8243; background_color=&#8220;#FFFFFF&#8220; custom_margin=&#8220;||8px||false|false&#8220; custom_padding=&#8220;|||0px|false|false&#8220; custom_css_toggle_title=&#8220;font-size: 1.285rem !important;&#8220; border_width_all=&#8220;0px&#8220; border_width_bottom=&#8220;2px&#8220; border_color_bottom=&#8220;#efeef2&#8243; global_colors_info=&#8220;{}&#8220;]<\/p>\n<p>Definitiv! Wir versenden in viele verschiedene L\u00e4nder auf der ganzen Welt.<\/p>\n<p>Bitte beachten Sie: F\u00fcr Bestellungen au\u00dferhalb Deutschlands fallen Versandkosten an. Diese werden im Checkout-Prozess hinzugef\u00fcgt.<\/p>\n<p>[\/et_pb_toggle][et_pb_toggle title=&#8220;Wie lange dauert es, bis ich meine Bestellung erhalte?&#8220; open_toggle_text_color=&#8220;#3A3A3A&#8220; icon_color=&#8220;#3A3A3A&#8220; toggle_icon=&#8220;&#x33;||divi||400&#8243; use_icon_font_size=&#8220;on&#8220; icon_font_size=&#8220;24px&#8220; open_icon_color=&#8220;#3A3A3A&#8220; open_toggle_icon=&#8220;&#x32;||divi||400&#8243; open_use_icon_font_size=&#8220;on&#8220; open_icon_font_size=&#8220;24px&#8220; _builder_version=&#8220;4.16&#8243; _module_preset=&#8220;default&#8220; title_text_color=&#8220;#3A3A3A&#8220; title_level=&#8220;h3&#8243; background_color=&#8220;#FFFFFF&#8220; custom_margin=&#8220;||8px||false|false&#8220; custom_padding=&#8220;|||0px|false|false&#8220; custom_css_toggle_title=&#8220;font-size: 1.285rem !important;&#8220; border_width_all=&#8220;0px&#8220; border_width_bottom=&#8220;2px&#8220; border_color_bottom=&#8220;#efeef2&#8243; global_colors_info=&#8220;{}&#8220;]<\/p>\n<p>Das h\u00e4ngt ganz davon ab, von wo aus Sie bestellen. Bestellungen innerhalb Deutschlands ben\u00f6tigen in der Regel 5 bis 7 Werktage, um bei Ihnen anzukommen.<\/p>\n<p>Lieferungen ins Ausland k\u00f6nnen zwischen 7 und 16 Tagen dauern. Genaue Lieferdetails und die Versanddauer k\u00f6nnen Sie jederzeit der Best\u00e4tigungs-E-Mail entnehmen.<\/p>\n<p>[\/et_pb_toggle][et_pb_toggle title=&#8220;Welche Versandkosten fallen an?&#8220; open_toggle_text_color=&#8220;#3A3A3A&#8220; icon_color=&#8220;#3A3A3A&#8220; toggle_icon=&#8220;&#x33;||divi||400&#8243; use_icon_font_size=&#8220;on&#8220; icon_font_size=&#8220;24px&#8220; open_icon_color=&#8220;#3A3A3A&#8220; open_toggle_icon=&#8220;&#x32;||divi||400&#8243; open_use_icon_font_size=&#8220;on&#8220; open_icon_font_size=&#8220;24px&#8220; _builder_version=&#8220;4.16&#8243; _module_preset=&#8220;default&#8220; title_text_color=&#8220;#3A3A3A&#8220; title_level=&#8220;h3&#8243; background_color=&#8220;#FFFFFF&#8220; custom_margin=&#8220;||8px||false|false&#8220; custom_padding=&#8220;|||0px|false|false&#8220; custom_css_toggle_title=&#8220;font-size: 1.285rem !important;&#8220; border_width_all=&#8220;0px&#8220; border_width_bottom=&#8220;2px&#8220; border_color_bottom=&#8220;#efeef2&#8243; global_colors_info=&#8220;{}&#8220;]<\/p>\n<p>Innerhalb Deutschlands ist der Versand kostenlos.<\/p>\n<p>F\u00fcr Bestellungen au\u00dferhalb Deutschlands fallen je nach Produktgr\u00f6\u00dfe und -gewicht unterschiedliche Versandkosten an. Bitte beachten Sie die Versandkosten im Checkout-Prozess.<\/p>\n<p>[\/et_pb_toggle][et_pb_text _builder_version=&#8220;4.16&#8243; _module_preset=&#8220;default&#8220; custom_margin=&#8220;48px||||false|false&#8220; global_colors_info=&#8220;{}&#8220;]<\/p>\n<h2>Zoll<\/h2>\n<p>[\/et_pb_text][et_pb_toggle title=&#8220;Wie hoch sind die Zollabfertigungsgeb\u00fchren?&#8220; open_toggle_text_color=&#8220;#3A3A3A&#8220; icon_color=&#8220;#3A3A3A&#8220; toggle_icon=&#8220;&#x33;||divi||400&#8243; use_icon_font_size=&#8220;on&#8220; icon_font_size=&#8220;24px&#8220; open_icon_color=&#8220;#3A3A3A&#8220; open_toggle_icon=&#8220;&#x32;||divi||400&#8243; open_use_icon_font_size=&#8220;on&#8220; open_icon_font_size=&#8220;24px&#8220; _builder_version=&#8220;4.16&#8243; _module_preset=&#8220;default&#8220; title_text_color=&#8220;#3A3A3A&#8220; title_level=&#8220;h3&#8243; background_color=&#8220;#FFFFFF&#8220; custom_margin=&#8220;||8px||false|false&#8220; custom_padding=&#8220;|||0px|false|false&#8220; custom_css_toggle_title=&#8220;font-size: 1.285rem !important;&#8220; border_width_all=&#8220;0px&#8220; border_width_bottom=&#8220;2px&#8220; border_color_bottom=&#8220;#efeef2&#8243; global_colors_info=&#8220;{}&#8220;]<\/p>\n<p>Die Einfuhrgeb\u00fchren k\u00f6nnen stark variieren und sind abh\u00e4ngig vom Preis, der Art des Artikels, dem Gewicht und den Abmessungen des Pakets als auch dem Herkunftsland.<\/p>\n<p>Bitte informieren Sie sich \u00fcber m\u00f6gliche Z\u00f6lle und Geb\u00fchren in Ihrem Bestimmungsland.<\/p>\n<p>[\/et_pb_toggle][\/et_pb_column][\/et_pb_row][\/et_pb_section][et_pb_section fb_built=&#8220;1&#8243; admin_label=&#8220;Kontakt &#8211; Home&#8220; module_id=&#8220;kontakt&#8220; _builder_version=&#8220;4.17.3&#8243; custom_padding=&#8220;8px||81px||false|false&#8220; global_module=&#8220;52909&#8243; saved_tabs=&#8220;all&#8220; global_colors_info=&#8220;{}&#8220;][et_pb_row _builder_version=&#8220;4.27.5&#8243; _module_preset=&#8220;default&#8220; global_colors_info=&#8220;{}&#8220;][et_pb_column type=&#8220;4_4&#8243; module_class=&#8220;mudo-hero-left&#8220; _builder_version=&#8220;4.27.5&#8243; _module_preset=&#8220;default&#8220; global_colors_info=&#8220;{}&#8220;][et_pb_divider show_divider=&#8220;off&#8220; _builder_version=&#8220;4.27.5&#8243; _module_preset=&#8220;default&#8220; global_colors_info=&#8220;{}&#8220;][\/et_pb_divider][\/et_pb_column][\/et_pb_row][et_pb_row column_structure=&#8220;1_2,1_2&#8243; use_custom_gutter=&#8220;on&#8220; gutter_width=&#8220;2&#8243; make_equal=&#8220;on&#8220; custom_padding_last_edited=&#8220;on|phone&#8220; _builder_version=&#8220;4.27.5&#8243; width=&#8220;90%&#8220; width_tablet=&#8220;90%&#8220; width_phone=&#8220;90%&#8220; width_last_edited=&#8220;on|phone&#8220; max_width=&#8220;1170px&#8220; max_width_tablet=&#8220;90%&#8220; max_width_phone=&#8220;90%&#8220; max_width_last_edited=&#8220;on|tablet&#8220; custom_padding=&#8220;80px||||false|false&#8220; custom_padding_tablet=&#8220;&#8220; custom_padding_phone=&#8220;0px||||false|false&#8220; global_colors_info=&#8220;{}&#8220;][et_pb_column type=&#8220;1_2&#8243; _builder_version=&#8220;4.27.5&#8243; _module_preset=&#8220;default&#8220; global_colors_info=&#8220;{}&#8220;][et_pb_contact_form use_spam_service=&#8220;on&#8220; recaptcha_list=&#8220;Default-0&#8243; email=&#8220;info@mudotools.de&#8220; _builder_version=&#8220;4.27.5&#8243; _module_preset=&#8220;default&#8220; _unique_id=&#8220;5724d08c-6fef-42a4-b03f-e6c5998cce87&#8243; global_colors_info=&#8220;{}&#8220;][et_pb_contact_field field_id=&#8220;Name&#8220; field_title=&#8220;Name&#8220; _builder_version=&#8220;4.27.5&#8243; form_field_background_color=&#8220;#09305D&#8220; form_field_text_color=&#8220;#FFFFFF&#8220; global_colors_info=&#8220;{}&#8220; button_text_size__hover_enabled=&#8220;off&#8220; button_one_text_size__hover_enabled=&#8220;off&#8220; button_two_text_size__hover_enabled=&#8220;off&#8220; button_text_color__hover_enabled=&#8220;off&#8220; button_one_text_color__hover_enabled=&#8220;off&#8220; button_two_text_color__hover_enabled=&#8220;off&#8220; button_border_width__hover_enabled=&#8220;off&#8220; button_one_border_width__hover_enabled=&#8220;off&#8220; button_two_border_width__hover_enabled=&#8220;off&#8220; button_border_color__hover_enabled=&#8220;off&#8220; button_one_border_color__hover_enabled=&#8220;off&#8220; button_two_border_color__hover_enabled=&#8220;off&#8220; button_border_radius__hover_enabled=&#8220;off&#8220; button_one_border_radius__hover_enabled=&#8220;off&#8220; button_two_border_radius__hover_enabled=&#8220;off&#8220; button_letter_spacing__hover_enabled=&#8220;off&#8220; button_one_letter_spacing__hover_enabled=&#8220;off&#8220; button_two_letter_spacing__hover_enabled=&#8220;off&#8220; button_bg_color__hover_enabled=&#8220;off&#8220; button_one_bg_color__hover_enabled=&#8220;off&#8220; button_two_bg_color__hover_enabled=&#8220;off&#8220;][\/et_pb_contact_field][et_pb_contact_field field_id=&#8220;Email&#8220; field_title=&#8220;E-Mail-Adresse&#8220; field_type=&#8220;email&#8220; _builder_version=&#8220;4.27.5&#8243; form_field_background_color=&#8220;#09305D&#8220; form_field_text_color=&#8220;#FFFFFF&#8220; global_colors_info=&#8220;{}&#8220; button_text_size__hover_enabled=&#8220;off&#8220; button_one_text_size__hover_enabled=&#8220;off&#8220; button_two_text_size__hover_enabled=&#8220;off&#8220; button_text_color__hover_enabled=&#8220;off&#8220; button_one_text_color__hover_enabled=&#8220;off&#8220; button_two_text_color__hover_enabled=&#8220;off&#8220; button_border_width__hover_enabled=&#8220;off&#8220; button_one_border_width__hover_enabled=&#8220;off&#8220; button_two_border_width__hover_enabled=&#8220;off&#8220; button_border_color__hover_enabled=&#8220;off&#8220; button_one_border_color__hover_enabled=&#8220;off&#8220; button_two_border_color__hover_enabled=&#8220;off&#8220; button_border_radius__hover_enabled=&#8220;off&#8220; button_one_border_radius__hover_enabled=&#8220;off&#8220; button_two_border_radius__hover_enabled=&#8220;off&#8220; button_letter_spacing__hover_enabled=&#8220;off&#8220; button_one_letter_spacing__hover_enabled=&#8220;off&#8220; button_two_letter_spacing__hover_enabled=&#8220;off&#8220; button_bg_color__hover_enabled=&#8220;off&#8220; button_one_bg_color__hover_enabled=&#8220;off&#8220; button_two_bg_color__hover_enabled=&#8220;off&#8220;][\/et_pb_contact_field][et_pb_contact_field field_id=&#8220;Message&#8220; field_title=&#8220;Nachricht&#8220; field_type=&#8220;text&#8220; fullwidth_field=&#8220;on&#8220; _builder_version=&#8220;4.27.5&#8243; form_field_background_color=&#8220;#09305D&#8220; form_field_text_color=&#8220;#FFFFFF&#8220; global_colors_info=&#8220;{}&#8220; button_text_size__hover_enabled=&#8220;off&#8220; button_one_text_size__hover_enabled=&#8220;off&#8220; button_two_text_size__hover_enabled=&#8220;off&#8220; button_text_color__hover_enabled=&#8220;off&#8220; button_one_text_color__hover_enabled=&#8220;off&#8220; button_two_text_color__hover_enabled=&#8220;off&#8220; button_border_width__hover_enabled=&#8220;off&#8220; button_one_border_width__hover_enabled=&#8220;off&#8220; button_two_border_width__hover_enabled=&#8220;off&#8220; button_border_color__hover_enabled=&#8220;off&#8220; button_one_border_color__hover_enabled=&#8220;off&#8220; button_two_border_color__hover_enabled=&#8220;off&#8220; button_border_radius__hover_enabled=&#8220;off&#8220; button_one_border_radius__hover_enabled=&#8220;off&#8220; button_two_border_radius__hover_enabled=&#8220;off&#8220; button_letter_spacing__hover_enabled=&#8220;off&#8220; button_one_letter_spacing__hover_enabled=&#8220;off&#8220; button_two_letter_spacing__hover_enabled=&#8220;off&#8220; button_bg_color__hover_enabled=&#8220;off&#8220; button_one_bg_color__hover_enabled=&#8220;off&#8220; button_two_bg_color__hover_enabled=&#8220;off&#8220;][\/et_pb_contact_field][\/et_pb_contact_form][\/et_pb_column][et_pb_column type=&#8220;1_2&#8243; _builder_version=&#8220;4.27.5&#8243; custom_padding=&#8220;|||60px|false|false&#8220; custom_padding_tablet=&#8220;|||0px|false|false&#8220; custom_padding_phone=&#8220;|||0px|false|false&#8220; custom_padding_last_edited=&#8220;on|phone&#8220; global_colors_info=&#8220;{}&#8220;][et_pb_text disabled_on=&#8220;on|on|off&#8220; _builder_version=&#8220;4.27.5&#8243; text_font=&#8220;Verdana|700|||||||&#8220; text_text_color=&#8220;#09305D&#8220; text_font_size=&#8220;20px&#8220; header_font=&#8220;Verdana|800|on||||||&#8220; header_text_align=&#8220;left&#8220; header_text_color=&#8220;#313131&#8243; header_font_size=&#8220;45px&#8220; header_letter_spacing=&#8220;-1.5px&#8220; header_2_font=&#8220;Montserrat|700|on||||||&#8220; header_2_text_align=&#8220;left&#8220; header_2_text_color=&#8220;#313131&#8243; header_2_font_size=&#8220;45px&#8220; header_2_letter_spacing=&#8220;-1.5px&#8220; custom_margin=&#8220;0px||||false|false&#8220; custom_margin_tablet=&#8220;-17px||||false|false&#8220; custom_margin_phone=&#8220;-17px||||false|false&#8220; custom_margin_last_edited=&#8220;on|phone&#8220; header_font_size_tablet=&#8220;&#8220; header_font_size_phone=&#8220;25px&#8220; header_font_size_last_edited=&#8220;on|desktop&#8220; header_letter_spacing_tablet=&#8220;&#8220; header_letter_spacing_phone=&#8220;&#8220; header_letter_spacing_last_edited=&#8220;on|desktop&#8220; header_2_font_size_tablet=&#8220;&#8220; header_2_font_size_phone=&#8220;25px&#8220; header_2_font_size_last_edited=&#8220;on|phone&#8220; inline_fonts=&#8220;Verdana&#8220; global_colors_info=&#8220;{}&#8220;]Hilfe &amp; Kontakt[\/et_pb_text][et_pb_blurb title=&#8220;Adresse&#8220; use_icon=&#8220;on&#8220; font_icon=&#8220;&#xe01d;||divi||400&#8243; icon_placement=&#8220;left&#8220; image_icon_width=&#8220;28px&#8220; _builder_version=&#8220;4.27.5&#8243; _module_preset=&#8220;default&#8220; header_level=&#8220;h3&#8243; header_font=&#8220;Verdana|600|||||||&#8220; header_text_color=&#8220;#09305D&#8220; body_font=&#8220;|300|||||||&#8220; custom_margin=&#8220;||20px||false|false&#8220; icon_font_size=&#8220;28px&#8220; global_colors_info=&#8220;{}&#8220;]<\/p>\n<p>Hofmannstr. 43, 81379 M\u00fcnchen<\/p>\n<p>[\/et_pb_blurb][et_pb_blurb title=&#8220;E-Mail&#8220; use_icon=&#8220;on&#8220; font_icon=&#8220;&#xe010;||divi||400&#8243; icon_placement=&#8220;left&#8220; image_icon_width=&#8220;28px&#8220; _builder_version=&#8220;4.27.5&#8243; _module_preset=&#8220;default&#8220; header_level=&#8220;h3&#8243; header_font=&#8220;Verdana|600|||||||&#8220; header_text_color=&#8220;#09305D&#8220; body_font=&#8220;Roboto|300|||||||&#8220; custom_margin=&#8220;||20px||false|false&#8220; icon_font_size=&#8220;28px&#8220; global_colors_info=&#8220;{}&#8220;]<\/p>\n<p><a href=\"mailto:info@mudotools.de\">info@mudotools.de<\/a><\/p>\n<p>[\/et_pb_blurb][et_pb_blurb title=&#8220;Telefon&#8220; use_icon=&#8220;on&#8220; font_icon=&#8220;&#xe00b;||divi||400&#8243; icon_placement=&#8220;left&#8220; image_icon_width=&#8220;28px&#8220; _builder_version=&#8220;4.27.5&#8243; _module_preset=&#8220;default&#8220; header_level=&#8220;h3&#8243; header_font=&#8220;Verdana|600|||||||&#8220; header_text_color=&#8220;#09305D&#8220; body_font=&#8220;Roboto|300|||||||&#8220; custom_margin=&#8220;||20px||false|false&#8220; icon_font_size=&#8220;28px&#8220; global_colors_info=&#8220;{}&#8220;]<\/p>\n<p>+49 (0) 176 609 171 05<\/p>\n<p>[\/et_pb_blurb][\/et_pb_column][\/et_pb_row][\/et_pb_section]<\/p>\n","protected":false},"excerpt":{"rendered":"<p>Hilfe &amp; FAQNachfolgend finden Sie die h\u00e4ufig gestellten Fragen. Sollte Ihnen dennoch etwas unklar sein oder sollten Sie offene Fragen haben, z\u00f6gern Sie nicht uns zu kontaktieren. Nutzen Sie daf\u00fcr entweder unser nachstehendes Kontaktformular oder rufen Sie uns einfach unter +49 (0) 176 609 171 05 an.BestellungSo sehr wir uns das auch w\u00fcnschen, eine einmal [&hellip;]<\/p>\n","protected":false},"author":15,"featured_media":0,"parent":0,"menu_order":0,"comment_status":"closed","ping_status":"closed","template":"","meta":{"_et_pb_use_builder":"on","_et_pb_old_content":"","_et_gb_content_width":"","footnotes":""},"class_list":["post-53562","page","type-page","status-publish","hentry"],"_links":{"self":[{"href":"https:\/\/mudotools.de\/en_us\/wp-json\/wp\/v2\/pages\/53562","targetHints":{"allow":["GET"]}}],"collection":[{"href":"https:\/\/mudotools.de\/en_us\/wp-json\/wp\/v2\/pages"}],"about":[{"href":"https:\/\/mudotools.de\/en_us\/wp-json\/wp\/v2\/types\/page"}],"author":[{"embeddable":true,"href":"https:\/\/mudotools.de\/en_us\/wp-json\/wp\/v2\/users\/15"}],"replies":[{"embeddable":true,"href":"https:\/\/mudotools.de\/en_us\/wp-json\/wp\/v2\/comments?post=53562"}],"version-history":[{"count":1,"href":"https:\/\/mudotools.de\/en_us\/wp-json\/wp\/v2\/pages\/53562\/revisions"}],"predecessor-version":[{"id":72588,"href":"https:\/\/mudotools.de\/en_us\/wp-json\/wp\/v2\/pages\/53562\/revisions\/72588"}],"wp:attachment":[{"href":"https:\/\/mudotools.de\/en_us\/wp-json\/wp\/v2\/media?parent=53562"}],"curies":[{"name":"WordPress","href":"https:\/\/api.w.org\/{rel}","templated":true}]}}