{"id":52211,"date":"2020-09-29T12:09:03","date_gmt":"2020-09-29T12:09:03","guid":{"rendered":"https:\/\/mudotools.de\/product\/import-placeholder-for-52143\/"},"modified":"2021-07-14T09:48:57","modified_gmt":"2021-07-14T09:48:57","slug":"3-tornades-pour-ecoles-et-associations-10-de-reduction","status":"publish","type":"product","link":"https:\/\/mudotools.de\/fr\/shop\/3x-tornado-fuer-schulen-und-vereine-10-guenstiger\/","title":{"rendered":"3x TORNADO pour \u00e9coles et clubs (10% moins cher)"},"content":{"rendered":"<p>[et_pb_section fb_built=&#8220;1&#8243; _builder_version=&#8220;4.4.7&#8243; custom_margin=&#8220;130px||||false|false&#8220; custom_padding=&#8220;0px||3px||false|false&#8220;][et_pb_row _builder_version=&#8220;3.25&#8243; background_size=&#8220;initial&#8220; background_position=&#8220;top_left&#8220; background_repeat=&#8220;repeat&#8220; width=&#8220;100%&#8220; custom_padding=&#8220;0px||0px||false|false&#8220;][et_pb_column type=&#8220;4_4&#8243; _builder_version=&#8220;3.25&#8243; custom_padding=&#8220;|||&#8220; custom_padding__hover=&#8220;|||&#8220;][et_pb_wc_cart_notice _builder_version=&#8220;4.4.7&#8243; background_color=&#8220;#000000&#8243;][\/et_pb_wc_cart_notice][\/et_pb_column][\/et_pb_row][et_pb_row column_structure=&#8220;1_2,1_2&#8243; _builder_version=&#8220;3.25&#8243; background_size=&#8220;initial&#8220; background_position=&#8220;top_left&#8220; background_repeat=&#8220;repeat&#8220; width=&#8220;100%&#8220; custom_padding=&#8220;0px||||false|false&#8220;][et_pb_column type=&#8220;1_2&#8243; _builder_version=&#8220;3.25&#8243; custom_padding=&#8220;|||&#8220; custom_padding__hover=&#8220;|||&#8220;][et_pb_wc_images sale_badge_color=&#8220;#7cda24&#8243; _builder_version=&#8220;4.6.3&#8243; sale_badge_text_color=&#8220;#ffffff&#8220; sale_badge_font_size=&#8220;25px&#8220; sale_badge_line_height=&#8220;1.8em&#8220;][\/et_pb_wc_images][\/et_pb_column][et_pb_column type=&#8220;1_2&#8243; _builder_version=&#8220;3.25&#8243; custom_padding=&#8220;|||&#8220; custom_padding__hover=&#8220;|||&#8220;][et_pb_wc_title _builder_version=&#8220;4.6.3&#8243; header_font=&#8220;Montserrat|700|||||||&#8220;][\/et_pb_wc_title][et_pb_wc_description _builder_version=&#8220;4.4.7&#8243;][\/et_pb_wc_description][et_pb_wc_rating _builder_version=&#8220;3.0.47&#8243;][\/et_pb_wc_rating][et_pb_text _builder_version=&#8220;4.6.3&#8243; _module_preset=&#8220;default&#8220; custom_margin=&#8220;||8px|||&#8220;]<\/p>\n<p><strong>\ud83d\udce6 Versandfertig innerhalb von 24h &#8211; Versanddauer 1 &#8211; 3 Wertage\u00a0<\/strong><\/p>\n<p>[\/et_pb_text][et_pb_wc_price _builder_version=&#8220;4.4.7&#8243; body_font=&#8220;Montserrat|700|||||||&#8220; body_text_color=&#8220;#000000&#8243; body_font_size=&#8220;30px&#8220;][\/et_pb_wc_price][et_pb_wc_add_to_cart _builder_version=&#8220;4.6.3&#8243; dropdown_menus_background_color=&#8220;#ffffff&#8220; dropdown_menus_text_color=&#8220;#000000&#8243; dropdown_menus_focus_background_color=&#8220;#ffffff&#8220; dropdown_menus_focus_text_color=&#8220;#000000&#8243; body_text_color=&#8220;#000000&#8243; border_width_all_dropdown_menus=&#8220;2px&#8220; border_color_all_dropdown_menus=&#8220;#000000&#8243;][\/et_pb_wc_add_to_cart][\/et_pb_column][\/et_pb_row][et_pb_row _builder_version=&#8220;3.25&#8243; background_size=&#8220;initial&#8220; background_position=&#8220;top_left&#8220; background_repeat=&#8220;repeat&#8220; width=&#8220;100%&#8220;][et_pb_column type=&#8220;4_4&#8243; _builder_version=&#8220;3.25&#8243; custom_padding=&#8220;|||&#8220; custom_padding__hover=&#8220;|||&#8220;][et_pb_wc_tabs active_tab_background_color=&#8220;#e02b20&#8243; inactive_tab_background_color=&#8220;#ffffff&#8220; active_tab_text_color=&#8220;#ffffff&#8220; _builder_version=&#8220;4.4.7&#8243; tab_text_color=&#8220;#000000&#8243; body_font=&#8220;Montserrat||||||||&#8220; body_text_color=&#8220;#000000&#8243; tab_font=&#8220;Montserrat||||||||&#8220;]\t\t\t\t\t[\/et_pb_wc_tabs][et_pb_wc_upsells _builder_version=&#8220;3.0.47&#8243;][\/et_pb_wc_upsells][et_pb_wc_related_products sale_badge_color=&#8220;#000000&#8243; icon_hover_color=&#8220;#e02b20&#8243; hover_icon=&#8220;%%119%%&#8220; _builder_version=&#8220;4.6.3&#8243; title_font=&#8220;Montserrat|700|||||||&#8220; title_text_color=&#8220;#000000&#8243; rating_text_color=&#8220;#e02b20&#8243; product_title_font=&#8220;Montserrat|700|||||||&#8220; product_title_text_align=&#8220;left&#8220; product_title_font_size=&#8220;20px&#8220; price_font=&#8220;Montserrat||||||||&#8220; price_text_align=&#8220;left&#8220; price_text_color=&#8220;#000000&#8243; price_font_size=&#8220;20px&#8220; custom_margin=&#8220;70px|||||&#8220;][\/et_pb_wc_related_products][\/et_pb_column][\/et_pb_row][\/et_pb_section][et_pb_section fb_built=&#8220;1&#8243; prev_background_color=&#8220;#ffffff&#8220; _builder_version=&#8220;4.4.7&#8243; use_background_color_gradient=&#8220;on&#8220; background_color_gradient_start=&#8220;rgba(0,0,0,0.76)&#8220; background_color_gradient_end=&#8220;rgba(0,0,0,0.95)&#8220; background_color_gradient_overlays_image=&#8220;on&#8220; background_image=&#8220;https:\/\/mudotools.de\/wp-content\/uploads\/2020\/08\/Luca_Sprung.jpg&#8220; background_position=&#8220;bottom_center&#8220; custom_margin=&#8220;-4px|||||&#8220; custom_padding=&#8220;12px||1px||false|false&#8220; top_divider_style=&#8220;asymmetric4&#8243;][et_pb_row use_custom_gutter=&#8220;on&#8220; gutter_width=&#8220;2&#8243; make_equal=&#8220;on&#8220; _builder_version=&#8220;3.27.4&#8243; width=&#8220;90%&#8220; width_tablet=&#8220;90%&#8220; width_phone=&#8220;90%&#8220; width_last_edited=&#8220;on|phone&#8220; max_width=&#8220;1170px&#8220; max_width_tablet=&#8220;90%&#8220; max_width_phone=&#8220;90%&#8220; max_width_last_edited=&#8220;on|tablet&#8220; custom_padding=&#8220;150px||60px||false|false&#8220;][et_pb_column type=&#8220;4_4&#8243; _builder_version=&#8220;3.27.4&#8243;][et_pb_text _builder_version=&#8220;4.4.7&#8243; header_font=&#8220;Montserrat|700|on|on|||||&#8220; header_text_align=&#8220;left&#8220; header_text_color=&#8220;#ffffff&#8220; header_font_size=&#8220;45px&#8220; header_letter_spacing=&#8220;-1.5px&#8220; custom_margin=&#8220;||||false|false&#8220; header_font_size_tablet=&#8220;&#8220; header_font_size_phone=&#8220;25px&#8220; header_font_size_last_edited=&#8220;on|phone&#8220;]<\/p>\n<h1 style=\"text-align: center;\">unsere zufriedenen kunden<\/h1>\n<p>[\/et_pb_text][\/et_pb_column][\/et_pb_row][et_pb_row column_structure=&#8220;1_2,1_2&#8243; use_custom_gutter=&#8220;on&#8220; gutter_width=&#8220;1&#8243; make_equal=&#8220;on&#8220; _builder_version=&#8220;4.4.7&#8243; width=&#8220;90%&#8220; width_tablet=&#8220;90%&#8220; width_phone=&#8220;90%&#8220; width_last_edited=&#8220;on|phone&#8220; max_width=&#8220;1170px&#8220; max_width_tablet=&#8220;90%&#8220; max_width_phone=&#8220;90%&#8220; max_width_last_edited=&#8220;on|tablet&#8220; custom_padding=&#8220;0px||0px||true|&#8220;][et_pb_column type=&#8220;1_2&#8243; _builder_version=&#8220;3.27.4&#8243; custom_padding=&#8220;|70px|70px||false|false&#8220; custom_padding_tablet=&#8220;|0px|||false|false&#8220; custom_padding_phone=&#8220;|0px|||false|false&#8220; custom_padding_last_edited=&#8220;on|phone&#8220; animation_style=&#8220;slide&#8220; border_width_right=&#8220;1px&#8220; border_color_right=&#8220;rgba(255,255,255,0.13)&#8220; border_width_bottom=&#8220;1px&#8220; border_color_bottom=&#8220;rgba(255,255,255,0.13)&#8220; border_width_right_tablet=&#8220;0px&#8220; border_width_right_phone=&#8220;0px&#8220; border_width_right_last_edited=&#8220;on|phone&#8220; border_width_bottom_tablet=&#8220;0px&#8220; border_width_bottom_phone=&#8220;0px&#8220; border_width_bottom_last_edited=&#8220;on|phone&#8220;][et_pb_blurb icon_placement=&#8220;left&#8220; image_max_width=&#8220;93px&#8220; content_max_width=&#8220;100%&#8220; _builder_version=&#8220;4.4.7&#8243; body_font=&#8220;Roboto||||||||&#8220; body_text_color=&#8220;#ffffff&#8220; body_font_size=&#8220;17px&#8220; body_line_height=&#8220;2.1em&#8220; custom_margin=&#8220;39px|||||&#8220; animation=&#8220;off&#8220; border_width_top_image=&#8220;10px&#8220; border_color_top_image=&#8220;rgba(0,0,0,0)&#8220; border_width_right_image=&#8220;13px&#8220; border_color_right_image=&#8220;rgba(0,0,0,0)&#8220;]<\/p>\n<div class=\"\"><i class=\"\">Danke f\u00fcr die rasche Zusendung des Tornado Kick-Ger\u00e4tes. Es wurde gleich aufgebaut und kommt besonders bei der Kindergruppe (aber nicht nur dort) sehr gut an.\u00a0<\/i><\/div>\n<div class=\"\"><i class=\"\">Die Verarbeitung ist sehr gut und macht einen stabilen Eindruck. Das Ger\u00e4t ist f\u00fcr die Entwicklung einer korrekten Beintechnik sehr n\u00fctzlich.\u00a0<\/i><\/div>\n<div class=\"\"><i class=\"\">Danke auch f\u00fcr die ausf\u00fchrlichen und gut erkl\u00e4rten Beispielvideos.<\/i><i class=\"\"><br class=\"\" \/><\/i><\/div>\n<p>[\/et_pb_blurb][et_pb_text _builder_version=&#8220;4.4.7&#8243; text_font=&#8220;Roboto||||||||&#8220; text_text_color=&#8220;#e02b20&#8243; text_font_size=&#8220;17px&#8220; text_line_height=&#8220;1em&#8220; custom_margin=&#8220;13px||||false|false&#8220; custom_padding=&#8220;|||50px|false|false&#8220;]<\/p>\n<p><em>MUDOKWAN Sportschule<\/em><\/p>\n<p>[\/et_pb_text][\/et_pb_column][et_pb_column type=&#8220;1_2&#8243; _builder_version=&#8220;4.4.7&#8243; background_image=&#8220;https:\/\/mudotools.de\/wp-content\/uploads\/2020\/09\/TKD-Kickbaum_02.jpg&#8220; custom_padding=&#8220;||70px|70px|false|false&#8220; custom_padding_tablet=&#8220;||0px|0px|false|false&#8220; custom_padding_phone=&#8220;||0px|0px|false|false&#8220; custom_padding_last_edited=&#8220;on|phone&#8220; animation_style=&#8220;slide&#8220; animation_delay=&#8220;250ms&#8220; border_width_bottom=&#8220;1px&#8220; border_color_bottom=&#8220;rgba(255,255,255,0.13)&#8220; border_width_bottom_tablet=&#8220;0px&#8220; border_width_bottom_phone=&#8220;0px&#8220; border_width_bottom_last_edited=&#8220;on|phone&#8220;][\/et_pb_column][\/et_pb_row][et_pb_row column_structure=&#8220;1_2,1_2&#8243; use_custom_gutter=&#8220;on&#8220; gutter_width=&#8220;1&#8243; make_equal=&#8220;on&#8220; _builder_version=&#8220;4.4.7&#8243; width=&#8220;90%&#8220; width_tablet=&#8220;90%&#8220; width_phone=&#8220;90%&#8220; width_last_edited=&#8220;on|phone&#8220; max_width=&#8220;1170px&#8220; max_width_tablet=&#8220;90%&#8220; max_width_phone=&#8220;90%&#8220; max_width_last_edited=&#8220;on|tablet&#8220; custom_padding=&#8220;0px||0px||true|&#8220;][et_pb_column type=&#8220;1_2&#8243; _builder_version=&#8220;4.4.7&#8243; background_image=&#8220;https:\/\/mudotools.de\/wp-content\/uploads\/2020\/04\/0a0ddfcf-c783-48eb-b937-ab8513146ff3-e1588047401860.jpeg&#8220; custom_padding=&#8220;|70px|70px||false|false&#8220; custom_padding_tablet=&#8220;|0px|||false|false&#8220; custom_padding_phone=&#8220;|0px|||false|false&#8220; custom_padding_last_edited=&#8220;on|phone&#8220; animation_style=&#8220;slide&#8220; border_width_right=&#8220;1px&#8220; border_color_right=&#8220;rgba(255,255,255,0.13)&#8220; border_width_bottom=&#8220;1px&#8220; border_color_bottom=&#8220;rgba(255,255,255,0.13)&#8220; border_width_right_tablet=&#8220;0px&#8220; border_width_right_phone=&#8220;0px&#8220; border_width_right_last_edited=&#8220;on|phone&#8220; border_width_bottom_tablet=&#8220;0px&#8220; border_width_bottom_phone=&#8220;0px&#8220; border_width_bottom_last_edited=&#8220;on|phone&#8220;][\/et_pb_column][et_pb_column type=&#8220;1_2&#8243; _builder_version=&#8220;3.27.4&#8243; custom_padding=&#8220;||70px|70px|false|false&#8220; custom_padding_tablet=&#8220;||0px|0px|false|false&#8220; custom_padding_phone=&#8220;||0px|0px|false|false&#8220; custom_padding_last_edited=&#8220;on|phone&#8220; animation_style=&#8220;slide&#8220; animation_delay=&#8220;250ms&#8220; border_width_bottom=&#8220;1px&#8220; border_color_bottom=&#8220;rgba(255,255,255,0.13)&#8220; border_width_bottom_tablet=&#8220;0px&#8220; border_width_bottom_phone=&#8220;0px&#8220; border_width_bottom_last_edited=&#8220;on|phone&#8220;][et_pb_blurb icon_placement=&#8220;left&#8220; image_max_width=&#8220;93px&#8220; content_max_width=&#8220;100%&#8220; _builder_version=&#8220;4.4.7&#8243; body_font=&#8220;Roboto||||||||&#8220; body_text_color=&#8220;#ffffff&#8220; body_font_size=&#8220;17px&#8220; body_line_height=&#8220;2.1em&#8220; custom_margin=&#8220;77px|||||&#8220; animation=&#8220;off&#8220; border_width_top_image=&#8220;10px&#8220; border_color_top_image=&#8220;rgba(0,0,0,0)&#8220; border_width_right_image=&#8220;13px&#8220; border_color_right_image=&#8220;rgba(0,0,0,0)&#8220;]<\/p>\n<div class=\"\"><span>Das Masterbord und der Tornado ist eine sehr gute Erg\u00e4nzung f\u00fcr das Taekwondo-Training bei mir im Dojang. Damit ist es sehr gut m\u00f6glich, Techniken zu erlernen und zu \u00fcben.<\/span><br \/><span>Dar\u00fcber hinaus macht es viel Spa\u00df.<\/span><\/div>\n<p>[\/et_pb_blurb][et_pb_text _builder_version=&#8220;4.4.7&#8243; text_font=&#8220;Roboto||||||||&#8220; text_text_color=&#8220;#e02b20&#8243; text_font_size=&#8220;17px&#8220; text_line_height=&#8220;1em&#8220; custom_margin=&#8220;13px||||false|false&#8220; custom_padding=&#8220;|||50px|false|false&#8220;]<\/p>\n<p><em>Meister Chang<\/em><\/p>\n<p>[\/et_pb_text][\/et_pb_column][\/et_pb_row][et_pb_row _builder_version=&#8220;4.6.3&#8243; _module_preset=&#8220;default&#8220;][et_pb_column type=&#8220;4_4&#8243; _builder_version=&#8220;4.6.3&#8243; _module_preset=&#8220;default&#8220;][et_pb_button button_url=&#8220;@ET-DC@eyJkeW5hbWljIjp0cnVlLCJjb250ZW50IjoicG9zdF9saW5rX3VybF9wcm9kdWN0Iiwic2V0dGluZ3MiOnsicG9zdF9pZCI6IjUxNjkyIn19@&#8220; button_text=&#8220;Weitere Rezensionen&#8220; button_alignment=&#8220;center&#8220; button_alignment_tablet=&#8220;left&#8220; button_alignment_phone=&#8220;left&#8220; button_alignment_last_edited=&#8220;on|phone&#8220; _builder_version=&#8220;4.6.3&#8243; _dynamic_attributes=&#8220;button_url&#8220; custom_button=&#8220;on&#8220; button_text_size=&#8220;14px&#8220; button_text_color=&#8220;#ffffff&#8220; button_bg_color=&#8220;#DA3038&#8243; button_border_color=&#8220;#DA3038&#8243; button_border_radius=&#8220;0px&#8220; button_font=&#8220;Montserrat||||||||&#8220; button_use_icon=&#8220;off&#8220; custom_margin=&#8220;55px|||||&#8220; custom_padding=&#8220;10px|44px|10px|44px|true|true&#8220; animation_style=&#8220;slide&#8220; animation_direction=&#8220;left&#8220; animation_delay=&#8220;400ms&#8220; button_text_color__hover_enabled=&#8220;on|hover&#8220; button_text_color__hover=&#8220;#ffffff&#8220; button_bg_color__hover_enabled=&#8220;on|hover&#8220; button_bg_color__hover=&#8220;#BA1B23&#8243; button_bg_enable_color__hover=&#8220;on&#8220; button_border_color__hover_enabled=&#8220;on|hover&#8220; button_border_color__hover=&#8220;#BA1B23&#8243; button_letter_spacing__hover_enabled=&#8220;on|desktop&#8220; button_letter_spacing__hover=&#8220;0px&#8220;][\/et_pb_button][\/et_pb_column][\/et_pb_row][\/et_pb_section][et_pb_section fb_built=&#8220;1&#8243; _builder_version=&#8220;3.27.4&#8243; custom_padding=&#8220;0px||0px||true|&#8220;][et_pb_row column_structure=&#8220;1_4,1_4,1_4,1_4&#8243; use_custom_gutter=&#8220;on&#8220; gutter_width=&#8220;1&#8243; make_equal=&#8220;on&#8220; _builder_version=&#8220;3.27.4&#8243; width=&#8220;100%&#8220; max_width=&#8220;100%&#8220; custom_padding=&#8220;0px||0px||true|false&#8220;][et_pb_column type=&#8220;1_4&#8243; _builder_version=&#8220;3.27.4&#8243;][et_pb_image src=&#8220;https:\/\/mudotools.de\/wp-content\/uploads\/2020\/09\/Jia-Jia-1.jpg&#8220; title_text=&#8220;Jia-Jia&#8220; show_in_lightbox=&#8220;on&#8220; use_overlay=&#8220;on&#8220; overlay_icon_color=&#8220;rgba(0,0,0,0)&#8220; hover_overlay_color=&#8220;rgba(0,0,0,0.28)&#8220; align=&#8220;center&#8220; _builder_version=&#8220;4.4.7&#8243; animation_style=&#8220;slide&#8220; animation_direction=&#8220;bottom&#8220; animation_delay=&#8220;250ms&#8220;][\/et_pb_image][\/et_pb_column][et_pb_column type=&#8220;1_4&#8243; _builder_version=&#8220;3.27.4&#8243;][et_pb_image src=&#8220;https:\/\/mudotools.de\/wp-content\/uploads\/2020\/09\/Alle-1.jpg&#8220; title_text=&#8220;Alle&#8220; show_in_lightbox=&#8220;on&#8220; use_overlay=&#8220;on&#8220; overlay_icon_color=&#8220;rgba(0,0,0,0)&#8220; hover_overlay_color=&#8220;rgba(0,0,0,0.28)&#8220; align=&#8220;center&#8220; _builder_version=&#8220;4.4.7&#8243; animation_style=&#8220;slide&#8220; animation_direction=&#8220;bottom&#8220;][\/et_pb_image][\/et_pb_column][et_pb_column type=&#8220;1_4&#8243; _builder_version=&#8220;3.27.4&#8243;][et_pb_image src=&#8220;https:\/\/mudotools.de\/wp-content\/uploads\/2020\/09\/Luca-1.jpg&#8220; title_text=&#8220;Luca&#8220; show_in_lightbox=&#8220;on&#8220; use_overlay=&#8220;on&#8220; overlay_icon_color=&#8220;rgba(0,0,0,0)&#8220; hover_overlay_color=&#8220;rgba(0,0,0,0.28)&#8220; align=&#8220;center&#8220; _builder_version=&#8220;4.4.7&#8243; animation_style=&#8220;slide&#8220; animation_direction=&#8220;bottom&#8220; animation_delay=&#8220;500ms&#8220;][\/et_pb_image][\/et_pb_column][et_pb_column type=&#8220;1_4&#8243; _builder_version=&#8220;3.27.4&#8243;][et_pb_image src=&#8220;https:\/\/mudotools.de\/wp-content\/uploads\/2020\/09\/Luca_Sprung-1.jpg&#8220; title_text=&#8220;Luca_Sprung&#8220; show_in_lightbox=&#8220;on&#8220; use_overlay=&#8220;on&#8220; overlay_icon_color=&#8220;rgba(0,0,0,0)&#8220; hover_overlay_color=&#8220;rgba(0,0,0,0.28)&#8220; align=&#8220;center&#8220; _builder_version=&#8220;4.4.7&#8243; animation_style=&#8220;slide&#8220; animation_direction=&#8220;bottom&#8220; animation_delay=&#8220;750ms&#8220;][\/et_pb_image][\/et_pb_column][\/et_pb_row][\/et_pb_section]<\/p>\n","protected":false},"excerpt":{"rendered":"<p>L'entra\u00eenement avec le Tornado perfectionne votre technique de coup de pied, d\u00e9veloppe votre force dans les zones musculaires appropri\u00e9es et am\u00e9liore simultan\u00e9ment votre \u00e9quilibre. Apr\u00e8s seulement quelques s\u00e9ances d'entra\u00eenement, vous sentirez votre technique s'optimiser.<\/p>","protected":false},"featured_media":51810,"template":"","meta":{"_et_pb_use_builder":"on","_et_pb_old_content":"","_et_gb_content_width":""},"product_brand":[],"product_cat":[104],"product_tag":[],"class_list":{"0":"post-52211","1":"product","2":"type-product","3":"status-publish","4":"has-post-thumbnail","6":"product_cat-pakete","8":"first","9":"instock","10":"sale","11":"taxable","12":"shipping-taxable","13":"purchasable","14":"product-type-simple"},"_links":{"self":[{"href":"https:\/\/mudotools.de\/fr\/wp-json\/wp\/v2\/product\/52211","targetHints":{"allow":["GET"]}}],"collection":[{"href":"https:\/\/mudotools.de\/fr\/wp-json\/wp\/v2\/product"}],"about":[{"href":"https:\/\/mudotools.de\/fr\/wp-json\/wp\/v2\/types\/product"}],"wp:featuredmedia":[{"embeddable":true,"href":"https:\/\/mudotools.de\/fr\/wp-json\/wp\/v2\/media\/51810"}],"wp:attachment":[{"href":"https:\/\/mudotools.de\/fr\/wp-json\/wp\/v2\/media?parent=52211"}],"wp:term":[{"taxonomy":"product_brand","embeddable":true,"href":"https:\/\/mudotools.de\/fr\/wp-json\/wp\/v2\/product_brand?post=52211"},{"taxonomy":"product_cat","embeddable":true,"href":"https:\/\/mudotools.de\/fr\/wp-json\/wp\/v2\/product_cat?post=52211"},{"taxonomy":"product_tag","embeddable":true,"href":"https:\/\/mudotools.de\/fr\/wp-json\/wp\/v2\/product_tag?post=52211"}],"curies":[{"name":"wp","href":"https:\/\/api.w.org\/{rel}","templated":true}]}}