{"id":52532,"date":"2020-11-02T10:23:24","date_gmt":"2020-11-02T10:23:24","guid":{"rendered":"https:\/\/mudotools.de\/?post_type=product&#038;p=52532"},"modified":"2022-08-06T13:56:51","modified_gmt":"2022-08-06T13:56:51","slug":"planche-de-natation","status":"publish","type":"product","link":"https:\/\/mudotools.de\/fr\/shop\/kick-board\/","title":{"rendered":"Planche de natation NEUVE"},"content":{"rendered":"<p>[et_pb_section fb_built=&#8220;1&#8243; _builder_version=&#8220;3.22&#8243; custom_padding=&#8220;0px||||false|false&#8220;][et_pb_row _builder_version=&#8220;3.25&#8243; background_size=&#8220;initial&#8220; background_position=&#8220;top_left&#8220; background_repeat=&#8220;repeat&#8220; width=&#8220;100%&#8220; custom_padding=&#8220;0px||0px||false|false&#8220;][et_pb_column type=&#8220;4_4&#8243; _builder_version=&#8220;3.25&#8243; custom_padding=&#8220;|||&#8220; custom_padding__hover=&#8220;|||&#8220;][et_pb_wc_breadcrumb _builder_version=&#8220;3.0.47&#8243;][\/et_pb_wc_breadcrumb][et_pb_wc_cart_notice _builder_version=&#8220;3.0.47&#8243;][\/et_pb_wc_cart_notice][\/et_pb_column][\/et_pb_row][et_pb_row column_structure=&#8220;1_2,1_2&#8243; _builder_version=&#8220;3.25&#8243; background_size=&#8220;initial&#8220; background_position=&#8220;top_left&#8220; background_repeat=&#8220;repeat&#8220; width=&#8220;100%&#8220; custom_padding=&#8220;0px||||false|false&#8220;][et_pb_column type=&#8220;1_2&#8243; _builder_version=&#8220;3.25&#8243; custom_padding=&#8220;|||&#8220; custom_padding__hover=&#8220;|||&#8220;][et_pb_wc_images _builder_version=&#8220;3.0.47&#8243;][\/et_pb_wc_images][\/et_pb_column][et_pb_column type=&#8220;1_2&#8243; _builder_version=&#8220;3.25&#8243; custom_padding=&#8220;|||&#8220; custom_padding__hover=&#8220;|||&#8220;][et_pb_wc_title _builder_version=&#8220;3.0.47&#8243;][\/et_pb_wc_title][et_pb_wc_rating _builder_version=&#8220;3.0.47&#8243;][\/et_pb_wc_rating][et_pb_text admin_label=&#8220;Produktinfo: Versand&#8220; _builder_version=&#8220;4.9.7&#8243; _module_preset=&#8220;default&#8220; custom_margin=&#8220;||8px|||&#8220; global_module=&#8220;52853&#8243;]<\/p>\n<p>\ud83d\udce6\u00a0 <strong>Kostenloser Versand<\/strong> &#8211; in 2-4 Werktagen bei dir (<span style=\"text-decoration: underline;\">nur innerhalb Deutschlands<\/span> \ud83c\udde9\ud83c\uddea )<\/p>\n<p>[\/et_pb_text][et_pb_text admin_label=&#8220;Produktinfo: Zoll&#8220; _builder_version=&#8220;4.9.7&#8243; _module_preset=&#8220;default&#8220; custom_margin=&#8220;||8px|||&#8220; global_module=&#8220;52854&#8243; saved_tabs=&#8220;all&#8220;]<\/p>\n<p><strong>\ud83d\udec3\u00a0 Steuern und Z\u00f6lle au\u00dferhalb der EU<\/strong><\/p>\n<div style=\"margin-left: 26px;\">Wir schicken auch Waren\u00a0au\u00dferhalb der EU. Steuern und Z\u00f6lle in Drittl\u00e4nder\u00a0m\u00fcssen vom Empf\u00e4nger \/ K\u00e4ufer gezahlt werden.<\/div>\n<p>[\/et_pb_text][et_pb_text admin_label=&#8220;Produktinfo: Made in Germany&#8220; _builder_version=&#8220;4.9.7&#8243; _module_preset=&#8220;default&#8220; custom_margin=&#8220;||8px|||&#8220; global_module=&#8220;52855&#8243;]<\/p>\n<p><strong>\ud83c\udde9\ud83c\uddea\u00a0 Made in Germany<\/strong> &#8211; Handgemacht von unseren Taekwondo Lehrern<\/p>\n<p>[\/et_pb_text][et_pb_text admin_label=&#8220;Produktinfo: Aufbauanleitung&#8220; _builder_version=&#8220;4.9.7&#8243; _module_preset=&#8220;default&#8220; global_module=&#8220;52856&#8243;]<\/p>\n<p><strong>\u2705 \u00a0Aufbauanleitung als Video<\/strong><\/p>\n<p>[\/et_pb_text][et_pb_wc_price product=&#8220;52532&#8243; _builder_version=&#8220;4.6.5&#8243;][\/et_pb_wc_price][et_pb_wc_description _builder_version=&#8220;3.0.47&#8243;][\/et_pb_wc_description][et_pb_wc_add_to_cart _builder_version=&#8220;3.0.47&#8243;][\/et_pb_wc_add_to_cart][et_pb_wc_meta _builder_version=&#8220;3.0.47&#8243;][\/et_pb_wc_meta][\/et_pb_column][\/et_pb_row][et_pb_row _builder_version=&#8220;4.9.7&#8243; _module_preset=&#8220;default&#8220;][et_pb_column type=&#8220;4_4&#8243; _builder_version=&#8220;4.9.7&#8243; _module_preset=&#8220;default&#8220;][et_pb_video src=&#8220;https:\/\/youtu.be\/KFozHSCVGts&#8220; _builder_version=&#8220;4.9.7&#8243; _module_preset=&#8220;default&#8220;][\/et_pb_video][\/et_pb_column][\/et_pb_row][et_pb_row _builder_version=&#8220;3.25&#8243; background_size=&#8220;initial&#8220; background_position=&#8220;top_left&#8220; background_repeat=&#8220;repeat&#8220; width=&#8220;100%&#8220;][et_pb_column type=&#8220;4_4&#8243; _builder_version=&#8220;3.25&#8243; custom_padding=&#8220;|||&#8220; custom_padding__hover=&#8220;|||&#8220;][et_pb_wc_tabs _builder_version=&#8220;3.0.47&#8243;]\t\t\t\t\t[\/et_pb_wc_tabs][et_pb_wc_upsells _builder_version=&#8220;3.0.47&#8243;][\/et_pb_wc_upsells][et_pb_wc_related_products _builder_version=&#8220;3.0.47&#8243;][\/et_pb_wc_related_products][\/et_pb_column][\/et_pb_row][\/et_pb_section]<\/p>\n","protected":false},"excerpt":{"rendered":"<p>PE &#8211; Schaumplatten. 320x290x15 in rot oder blau. Sehr widerstandsf\u00e4hig und optimal f\u00fcr das Kicktraining geeignet. Die Boards sind vielf\u00e4ltig einsetzbar.<\/p>","protected":false},"featured_media":52533,"template":"","meta":{"_et_pb_use_builder":"on","_et_pb_old_content":"Das Kick Board ist vielf\u00e4ltig einsetzbar. F\u00fcr Bruchtest Simulationen, Koordinations\u00fcbungen und Koordinationstraining.\r\n\u200b\u200b\u200b\u200b\u200b\u200b\u200bF\u00fcr den Tornado gibt es extra daf\u00fcr angefertigte Taschen.","_et_gb_content_width":""},"product_brand":[],"product_cat":[103],"product_tag":[],"class_list":{"0":"post-52532","1":"product","2":"type-product","3":"status-publish","4":"has-post-thumbnail","6":"product_cat-zubehoer-ersatzteile","8":"first","9":"instock","10":"taxable","11":"shipping-taxable","12":"purchasable","13":"product-type-variable"},"_links":{"self":[{"href":"https:\/\/mudotools.de\/fr\/wp-json\/wp\/v2\/product\/52532","targetHints":{"allow":["GET"]}}],"collection":[{"href":"https:\/\/mudotools.de\/fr\/wp-json\/wp\/v2\/product"}],"about":[{"href":"https:\/\/mudotools.de\/fr\/wp-json\/wp\/v2\/types\/product"}],"wp:featuredmedia":[{"embeddable":true,"href":"https:\/\/mudotools.de\/fr\/wp-json\/wp\/v2\/media\/52533"}],"wp:attachment":[{"href":"https:\/\/mudotools.de\/fr\/wp-json\/wp\/v2\/media?parent=52532"}],"wp:term":[{"taxonomy":"product_brand","embeddable":true,"href":"https:\/\/mudotools.de\/fr\/wp-json\/wp\/v2\/product_brand?post=52532"},{"taxonomy":"product_cat","embeddable":true,"href":"https:\/\/mudotools.de\/fr\/wp-json\/wp\/v2\/product_cat?post=52532"},{"taxonomy":"product_tag","embeddable":true,"href":"https:\/\/mudotools.de\/fr\/wp-json\/wp\/v2\/product_tag?post=52532"}],"curies":[{"name":"wp","href":"https:\/\/api.w.org\/{rel}","templated":true}]}}