{"id":52539,"date":"2020-11-02T10:39:48","date_gmt":"2020-11-02T10:39:48","guid":{"rendered":"https:\/\/mudotools.de\/?post_type=product&#038;p=52539"},"modified":"2021-11-14T14:09:17","modified_gmt":"2021-11-14T14:09:17","slug":"sacs-pour-trottinette-bientot-disponibles","status":"publish","type":"product","link":"https:\/\/mudotools.de\/fr\/shop\/tasche-fuer-kick-board-bald-erhaeltlich\/","title":{"rendered":"Sacs pour trottinette NEUFS"},"content":{"rendered":"<p>[et_pb_section fb_built=&#8220;1&#8243; custom_padding_last_edited=&#8220;on|phone&#8220; _builder_version=&#8220;4.9.7&#8243; custom_margin=&#8220;50px||||false|false&#8220; custom_padding_tablet=&#8220;&#8220; custom_padding_phone=&#8220;|30px||30px|false|true&#8220;][et_pb_row _builder_version=&#8220;3.25&#8243; background_size=&#8220;initial&#8220; background_position=&#8220;top_left&#8220; background_repeat=&#8220;repeat&#8220; width=&#8220;100%&#8220; custom_padding=&#8220;0px||0px||false|false&#8220;][et_pb_column type=&#8220;4_4&#8243; _builder_version=&#8220;3.25&#8243; custom_padding=&#8220;|||&#8220; custom_padding__hover=&#8220;|||&#8220;][et_pb_wc_breadcrumb _builder_version=&#8220;3.0.47&#8243;][\/et_pb_wc_breadcrumb][et_pb_wc_cart_notice _builder_version=&#8220;3.0.47&#8243;][\/et_pb_wc_cart_notice][\/et_pb_column][\/et_pb_row][et_pb_row column_structure=&#8220;1_2,1_2&#8243; _builder_version=&#8220;3.25&#8243; background_size=&#8220;initial&#8220; background_position=&#8220;top_left&#8220; background_repeat=&#8220;repeat&#8220; width=&#8220;100%&#8220; custom_padding=&#8220;0px||||false|false&#8220;][et_pb_column type=&#8220;1_2&#8243; _builder_version=&#8220;3.25&#8243; custom_padding=&#8220;|||&#8220; custom_padding__hover=&#8220;|||&#8220;][et_pb_wc_images _builder_version=&#8220;3.0.47&#8243;][\/et_pb_wc_images][\/et_pb_column][et_pb_column type=&#8220;1_2&#8243; _builder_version=&#8220;3.25&#8243; custom_padding=&#8220;|||&#8220; custom_padding__hover=&#8220;|||&#8220;][et_pb_wc_title _builder_version=&#8220;4.9.7&#8243; header_font=&#8220;Montserrat|700|on|on|||||&#8220; header_font_size=&#8220;40px&#8220;][\/et_pb_wc_title][et_pb_wc_rating _builder_version=&#8220;4.9.7&#8243;][\/et_pb_wc_rating][et_pb_wc_price _builder_version=&#8220;4.9.7&#8243;][\/et_pb_wc_price][et_pb_wc_description _builder_version=&#8220;4.9.7&#8243;][\/et_pb_wc_description][et_pb_wc_add_to_cart product=&#8220;52539&#8243; _builder_version=&#8220;4.9.7&#8243;][\/et_pb_wc_add_to_cart][\/et_pb_column][\/et_pb_row][et_pb_row _builder_version=&#8220;4.9.7&#8243; _module_preset=&#8220;default&#8220;][et_pb_column type=&#8220;4_4&#8243; _builder_version=&#8220;4.9.7&#8243; _module_preset=&#8220;default&#8220;][et_pb_video src=&#8220;https:\/\/youtu.be\/VVAN5rpRTRo&#8220; _builder_version=&#8220;4.9.7&#8243; _module_preset=&#8220;default&#8220;][\/et_pb_video][\/et_pb_column][\/et_pb_row][et_pb_row _builder_version=&#8220;3.25&#8243; background_size=&#8220;initial&#8220; background_position=&#8220;top_left&#8220; background_repeat=&#8220;repeat&#8220; width=&#8220;100%&#8220;][et_pb_column type=&#8220;4_4&#8243; _builder_version=&#8220;3.25&#8243; custom_padding=&#8220;|||&#8220; custom_padding__hover=&#8220;|||&#8220;][et_pb_wc_tabs _builder_version=&#8220;3.0.47&#8243;]\t\t\t\t\t[\/et_pb_wc_tabs][et_pb_wc_upsells _builder_version=&#8220;3.0.47&#8243;][\/et_pb_wc_upsells][et_pb_wc_related_products _builder_version=&#8220;3.0.47&#8243;][\/et_pb_wc_related_products][\/et_pb_column][\/et_pb_row][\/et_pb_section]<\/p>\n","protected":false},"excerpt":{"rendered":"<p>Un kick-board est ins\u00e9r\u00e9 dans la poche. La poche est ensuite fix\u00e9e au Tornado \u00e0 l'aide d'une fermeture velcro. Cela vous offre encore plus de possibilit\u00e9s d'entra\u00eenement.<\/p>","protected":false},"featured_media":52537,"template":"","meta":{"_et_pb_use_builder":"on","_et_pb_old_content":"In die Tasche wird ein Kick-Bord eingeschoben. Die Tasche wird dann mit einem Klettverschluss an den Tornado angebracht . Damit hast du noch mehr Trainingsm\u00f6glichkeiten.","_et_gb_content_width":""},"product_brand":[],"product_cat":[103],"product_tag":[],"class_list":{"0":"post-52539","1":"product","2":"type-product","3":"status-publish","4":"has-post-thumbnail","6":"product_cat-zubehoer-ersatzteile","8":"first","9":"instock","10":"taxable","11":"shipping-taxable","12":"purchasable","13":"product-type-variable","14":"has-default-attributes"},"_links":{"self":[{"href":"https:\/\/mudotools.de\/fr\/wp-json\/wp\/v2\/product\/52539","targetHints":{"allow":["GET"]}}],"collection":[{"href":"https:\/\/mudotools.de\/fr\/wp-json\/wp\/v2\/product"}],"about":[{"href":"https:\/\/mudotools.de\/fr\/wp-json\/wp\/v2\/types\/product"}],"wp:featuredmedia":[{"embeddable":true,"href":"https:\/\/mudotools.de\/fr\/wp-json\/wp\/v2\/media\/52537"}],"wp:attachment":[{"href":"https:\/\/mudotools.de\/fr\/wp-json\/wp\/v2\/media?parent=52539"}],"wp:term":[{"taxonomy":"product_brand","embeddable":true,"href":"https:\/\/mudotools.de\/fr\/wp-json\/wp\/v2\/product_brand?post=52539"},{"taxonomy":"product_cat","embeddable":true,"href":"https:\/\/mudotools.de\/fr\/wp-json\/wp\/v2\/product_cat?post=52539"},{"taxonomy":"product_tag","embeddable":true,"href":"https:\/\/mudotools.de\/fr\/wp-json\/wp\/v2\/product_tag?post=52539"}],"curies":[{"name":"wp","href":"https:\/\/api.w.org\/{rel}","templated":true}]}}